{"id":1928,"date":"2021-11-21T15:14:41","date_gmt":"2021-11-21T15:14:41","guid":{"rendered":"http:\/\/sinisnavigare.com\/?page_id=1928"},"modified":"2025-06-20T04:08:54","modified_gmt":"2025-06-20T02:08:54","slug":"services","status":"publish","type":"page","link":"https:\/\/www.sinisnavigare.com\/?page_id=1928","title":{"rendered":"Istruzioni per il comandante"},"content":{"rendered":"\t\t<div data-elementor-type=\"wp-page\" data-elementor-id=\"1928\" class=\"elementor elementor-1928\">\n\t\t\t\t\t\t<section class=\"elementor-section elementor-top-section elementor-element elementor-element-313a1ba elementor-reverse-mobile elementor-section-boxed elementor-section-height-default elementor-section-height-default\" data-id=\"313a1ba\" data-element_type=\"section\">\n\t\t\t\t\t\t<div class=\"elementor-container elementor-column-gap-default\">\n\t\t\t\t\t<div class=\"elementor-column elementor-col-100 elementor-top-column elementor-element elementor-element-ddff12f\" data-id=\"ddff12f\" data-element_type=\"column\">\n\t\t\t<div class=\"elementor-widget-wrap elementor-element-populated\">\n\t\t\t\t\t\t<div class=\"elementor-element elementor-element-4f3b33b elementor-widget elementor-widget-heading\" data-id=\"4f3b33b\" data-element_type=\"widget\" data-widget_type=\"heading.default\">\n\t\t\t\t<div class=\"elementor-widget-container\">\n\t\t\t\t\t<h3 class=\"elementor-heading-title elementor-size-default\">istruzioni per il comandante<\/h3>\t\t\t\t<\/div>\n\t\t\t\t<\/div>\n\t\t\t\t<div class=\"elementor-element elementor-element-bbd6665 elementor-widget elementor-widget-text-editor\" data-id=\"bbd6665\" data-element_type=\"widget\" data-widget_type=\"text-editor.default\">\n\t\t\t\t<div class=\"elementor-widget-container\">\n\t\t\t\t\t\t\t\t\t<ol><li><ol><li><p>Responsabilit\u00e0 del comandante:<\/p><ul><li>Responsabile della navigazione, dell&#8217;utilizzo delle attrezzature e della sicurezza degli occupanti e dei terzi.<\/li><li>Il gommone non pu\u00f2 essere sublocato, utilizzato per lo sci nautico o il traino di altre unit\u00e0.<\/li><li>\u00c8 vietato provocare rumori molesti.<\/li><\/ul><\/li><li><p>Prima di lasciare l&#8217;ormeggio: A. Informarsi sulle ordinanze che regolano la navigazione nell&#8217;area di interesse. B. Verificare le dotazioni di sicurezza a bordo e il loro corretto uso. C. Controllare il livello di carburante. D. Leggere il bollettino meteorologico del giorno. E. Informarsi sui limiti di navigazione nelle aree marine protette o nei parchi.<\/p><\/li><li><p>Prima di accendere il motore: F. Verificare che tutte le persone siano a bordo. G. Assicurarsi che non ci siano cime in acqua. H. Allacciare lo stacco di sicurezza del motore fuoribordo al polso.<\/p><\/li><li><p>Stacco di sicurezza:<\/p><ul><li>Collegare sempre il laccetto rosso dello stacco di sicurezza al polso prima di avviare il motore.<\/li><li>Lo stacco di sicurezza permette l&#8217;arresto immediato del motore in caso di caduta in mare del conducente.<\/li><\/ul><\/li><\/ol><\/li><\/ol>\t\t\t\t\t\t\t\t<\/div>\n\t\t\t\t<\/div>\n\t\t\t\t<div class=\"elementor-element elementor-element-4a6a352 elementor-widget elementor-widget-image\" data-id=\"4a6a352\" data-element_type=\"widget\" data-widget_type=\"image.default\">\n\t\t\t\t<div class=\"elementor-widget-container\">\n\t\t\t\t\t\t\t\t\t\t\t\t\t\t\t<img fetchpriority=\"high\" decoding=\"async\" width=\"920\" height=\"614\" src=\"https:\/\/www.sinisnavigare.com\/wp-content\/uploads\/2023\/06\/Screenshot-2023-06-19-alle-22.30.03.png\" class=\"attachment-large size-large wp-image-2189\" alt=\"\" srcset=\"https:\/\/www.sinisnavigare.com\/wp-content\/uploads\/2023\/06\/Screenshot-2023-06-19-alle-22.30.03.png 920w, https:\/\/www.sinisnavigare.com\/wp-content\/uploads\/2023\/06\/Screenshot-2023-06-19-alle-22.30.03-300x200.png 300w, https:\/\/www.sinisnavigare.com\/wp-content\/uploads\/2023\/06\/Screenshot-2023-06-19-alle-22.30.03-768x513.png 768w\" sizes=\"(max-width: 920px) 100vw, 920px\" \/>\t\t\t\t\t\t\t\t\t\t\t\t\t\t\t<\/div>\n\t\t\t\t<\/div>\n\t\t\t\t<div class=\"elementor-element elementor-element-79eb9c8 elementor-widget elementor-widget-text-editor\" data-id=\"79eb9c8\" data-element_type=\"widget\" data-widget_type=\"text-editor.default\">\n\t\t\t\t<div class=\"elementor-widget-container\">\n\t\t\t\t\t\t\t\t\t<ul><li><p>Governo del gommone:<\/p><ul><li>Utilizzare la timoneria a ruota per governare il gommone come una macchina.<\/li><li>Sterzare a destra per girare a destra e sterzare a sinistra per girare a sinistra.<\/li><li>La poppa si muove pi\u00f9 ampiamente della prua quando si cambia direzione.<\/li><\/ul><\/li><li><p>Limiti di velocit\u00e0:<\/p><ul><li>Entro 500 metri dalle coste, il limite di velocit\u00e0 \u00e8 di 8 nodi.<\/li><li>Nei porti e nelle baie con altre unit\u00e0 all&#8217;ancora, la velocit\u00e0 massima \u00e8 di 3 nodi.<\/li><\/ul><\/li><li><p>Ingresso e uscita dai porti:<\/p><ul><li>Salvo diverse disposizioni dell&#8217;Autorit\u00e0 marittima, entrare e uscire dai porti mantenendo la propria destra.<\/li><li>Le unit\u00e0 che escono dai porti hanno precedenza su quelle che entrano.<\/li><li>Dare precedenza alle unit\u00e0 in entrata e uscita quando si attraversa la fascia di 500 metri davanti all&#8217;ingresso.<\/li><\/ul><\/li><li><p>Aree riservate alla balneazione:<\/p><ul><li>La zona riservata ai bagnanti si estende di norma a 200 metri dalla battigia e 100 metri dalle coste rocciose.<\/li><li>L&#8217;ampiezza della zona pu\u00f2 variare con ordinanza dell&#8217;Autorit\u00e0 marittima.<\/li><li>Rispettare i &#8220;corridoi di lancio&#8221; per l&#8217;ingresso e l&#8217;uscita delle unit\u00e0 a motore nella zona riservata alla balneazione.<\/li><\/ul><\/li><li><p>Subacquei:<\/p><ul><li>I subacquei devono operare entro un raggio di 50 metri dalla propria boa di riconoscimento e segnalare la loro presenza.<\/li><li>Mantenere almeno 100 metri di distanza dalla boa SUB o dal mezzo nautico di appoggio con la bandiera rossa con diagonale bianca.<\/li><\/ul><\/li><li><p>Precedenze: A. Navigazione a motore:<\/p><ul><li>Nelle rotte direttamente opposte, accostare a dritta (destra).<\/li><li>Nelle rotte che s&#8217;incrociano, lasciare libera la rotta all&#8217;altra unit\u00e0 che si trova sulla propria dritta (destra). B. Navigazione a vela:<\/li><li>L&#8217;unit\u00e0 con il vento sulla sinistra deve lasciare libera la rotta all&#8217;altra unit\u00e0.<\/li><li>Se hanno il vento dallo stesso lato, l&#8217;unit\u00e0 sopravento deve lasciare libera la rotta all&#8217;altra. C. L&#8217;unit\u00e0 a motore lascia il passo a quella che naviga a vela. D. L&#8217;unit\u00e0 intenta a pescare e quella adibita a pubblico servizio di linea hanno diritto di rotta.<\/li><\/ul><\/li><\/ul>\t\t\t\t\t\t\t\t<\/div>\n\t\t\t\t<\/div>\n\t\t\t\t<div class=\"elementor-element elementor-element-395c723 elementor-invisible elementor-widget elementor-widget-image\" data-id=\"395c723\" data-element_type=\"widget\" data-settings=\"{&quot;_animation&quot;:&quot;fadeInLeft&quot;}\" data-widget_type=\"image.default\">\n\t\t\t\t<div class=\"elementor-widget-container\">\n\t\t\t\t\t\t\t\t\t\t\t\t\t\t\t<img decoding=\"async\" width=\"1024\" height=\"316\" data-src=\"https:\/\/www.sinisnavigare.com\/wp-content\/uploads\/2023\/06\/Screenshot-2023-06-19-alle-22.34.54-1024x316.png\" class=\"attachment-large size-large wp-image-2193 lazyload\" alt=\"\" data-srcset=\"https:\/\/www.sinisnavigare.com\/wp-content\/uploads\/2023\/06\/Screenshot-2023-06-19-alle-22.34.54-1024x316.png 1024w, https:\/\/www.sinisnavigare.com\/wp-content\/uploads\/2023\/06\/Screenshot-2023-06-19-alle-22.34.54-300x93.png 300w, https:\/\/www.sinisnavigare.com\/wp-content\/uploads\/2023\/06\/Screenshot-2023-06-19-alle-22.34.54-768x237.png 768w, https:\/\/www.sinisnavigare.com\/wp-content\/uploads\/2023\/06\/Screenshot-2023-06-19-alle-22.34.54-1536x475.png 1536w, https:\/\/www.sinisnavigare.com\/wp-content\/uploads\/2023\/06\/Screenshot-2023-06-19-alle-22.34.54.png 1702w\" data-sizes=\"(max-width: 1024px) 100vw, 1024px\" src=\"data:image\/gif;base64,R0lGODlhAQABAAAAACH5BAEKAAEALAAAAAABAAEAAAICTAEAOw==\" style=\"--smush-placeholder-width: 1024px; --smush-placeholder-aspect-ratio: 1024\/316;\" \/>\t\t\t\t\t\t\t\t\t\t\t\t\t\t\t<\/div>\n\t\t\t\t<\/div>\n\t\t\t\t<div class=\"elementor-element elementor-element-6e3a670 elementor-invisible elementor-widget elementor-widget-image\" data-id=\"6e3a670\" data-element_type=\"widget\" data-settings=\"{&quot;_animation&quot;:&quot;fadeInRight&quot;}\" data-widget_type=\"image.default\">\n\t\t\t\t<div class=\"elementor-widget-container\">\n\t\t\t\t\t\t\t\t\t\t\t\t\t\t\t<img decoding=\"async\" width=\"1024\" height=\"372\" data-src=\"https:\/\/www.sinisnavigare.com\/wp-content\/uploads\/2023\/06\/Screenshot-2023-06-19-alle-22.35.25-1024x372.png\" class=\"attachment-large size-large wp-image-2194 lazyload\" alt=\"\" data-srcset=\"https:\/\/www.sinisnavigare.com\/wp-content\/uploads\/2023\/06\/Screenshot-2023-06-19-alle-22.35.25-1024x372.png 1024w, https:\/\/www.sinisnavigare.com\/wp-content\/uploads\/2023\/06\/Screenshot-2023-06-19-alle-22.35.25-300x109.png 300w, https:\/\/www.sinisnavigare.com\/wp-content\/uploads\/2023\/06\/Screenshot-2023-06-19-alle-22.35.25-768x279.png 768w, https:\/\/www.sinisnavigare.com\/wp-content\/uploads\/2023\/06\/Screenshot-2023-06-19-alle-22.35.25-1536x558.png 1536w, https:\/\/www.sinisnavigare.com\/wp-content\/uploads\/2023\/06\/Screenshot-2023-06-19-alle-22.35.25.png 1690w\" data-sizes=\"(max-width: 1024px) 100vw, 1024px\" src=\"data:image\/gif;base64,R0lGODlhAQABAAAAACH5BAEKAAEALAAAAAABAAEAAAICTAEAOw==\" style=\"--smush-placeholder-width: 1024px; --smush-placeholder-aspect-ratio: 1024\/372;\" \/>\t\t\t\t\t\t\t\t\t\t\t\t\t\t\t<\/div>\n\t\t\t\t<\/div>\n\t\t\t\t<div class=\"elementor-element elementor-element-76cd03c elementor-widget elementor-widget-text-editor\" data-id=\"76cd03c\" data-element_type=\"widget\" data-widget_type=\"text-editor.default\">\n\t\t\t\t<div class=\"elementor-widget-container\">\n\t\t\t\t\t\t\t\t\t<ul><li>Ancoraggio:<\/li><li style=\"list-style-type: none;\"><ul><li style=\"list-style-type: none;\"><ul><li style=\"list-style-type: none;\"><ul><li>Considerare che la barca all&#8217;ancora pu\u00f2 ruotare di 360\u00b0 a causa del vento.<\/li><li>La lunghezza della cima o della catena dell&#8217;ancora dovrebbe essere almeno 3 volte la profondit\u00e0 del fondale.<\/li><li>Posizionarsi con la prua rivolta verso il vento e calare l&#8217;ancora.<\/li><li>Muovere dolcemente a marcia indietro per consentire alla linea d&#8217;ancora di distendersi e attestarsi sul fondo.<\/li><\/ul><\/li><\/ul><\/li><\/ul><\/li><li>Verificare se l&#8217;ancora sta tenendo prendendo riferimenti a terra.<\/li><\/ul>\t\t\t\t\t\t\t\t<\/div>\n\t\t\t\t<\/div>\n\t\t\t\t<div class=\"elementor-element elementor-element-57ca4bd elementor-invisible elementor-widget elementor-widget-image\" data-id=\"57ca4bd\" data-element_type=\"widget\" data-settings=\"{&quot;_animation&quot;:&quot;fadeInUp&quot;}\" data-widget_type=\"image.default\">\n\t\t\t\t<div class=\"elementor-widget-container\">\n\t\t\t\t\t\t\t\t\t\t\t\t\t\t\t<img decoding=\"async\" width=\"1024\" height=\"299\" data-src=\"https:\/\/www.sinisnavigare.com\/wp-content\/uploads\/2023\/06\/Screenshot-2023-06-19-alle-22.39.04-1024x299.png\" class=\"attachment-large size-large wp-image-2197 lazyload\" alt=\"\" data-srcset=\"https:\/\/www.sinisnavigare.com\/wp-content\/uploads\/2023\/06\/Screenshot-2023-06-19-alle-22.39.04-1024x299.png 1024w, https:\/\/www.sinisnavigare.com\/wp-content\/uploads\/2023\/06\/Screenshot-2023-06-19-alle-22.39.04-300x88.png 300w, https:\/\/www.sinisnavigare.com\/wp-content\/uploads\/2023\/06\/Screenshot-2023-06-19-alle-22.39.04-768x225.png 768w, https:\/\/www.sinisnavigare.com\/wp-content\/uploads\/2023\/06\/Screenshot-2023-06-19-alle-22.39.04-1536x449.png 1536w, https:\/\/www.sinisnavigare.com\/wp-content\/uploads\/2023\/06\/Screenshot-2023-06-19-alle-22.39.04.png 1724w\" data-sizes=\"(max-width: 1024px) 100vw, 1024px\" src=\"data:image\/gif;base64,R0lGODlhAQABAAAAACH5BAEKAAEALAAAAAABAAEAAAICTAEAOw==\" style=\"--smush-placeholder-width: 1024px; --smush-placeholder-aspect-ratio: 1024\/299;\" \/>\t\t\t\t\t\t\t\t\t\t\t\t\t\t\t<\/div>\n\t\t\t\t<\/div>\n\t\t\t\t<div class=\"elementor-element elementor-element-077faa8 elementor-widget elementor-widget-text-editor\" data-id=\"077faa8\" data-element_type=\"widget\" data-widget_type=\"text-editor.default\">\n\t\t\t\t<div class=\"elementor-widget-container\">\n\t\t\t\t\t\t\t\t\t<ul><li><p>Navigazione con onda in prua:<\/p><ul><li>Graduare l&#8217;acceleratore e arrivare sulla cresta dell&#8217;onda con un buon abbrivio in decelerazione.<\/li><li>Riaccelerare appena l&#8217;onda \u00e8 stata scavalcata.<\/li><li>Affrontare le onde sulla 3\/4 di prua (mascone) per addolcire l&#8217;impatto e allontanarsi quando si scende nel cavo dell&#8217;onda.<\/li><\/ul><\/li><\/ul>\t\t\t\t\t\t\t\t<\/div>\n\t\t\t\t<\/div>\n\t\t\t\t<div class=\"elementor-element elementor-element-402453c elementor-invisible elementor-widget elementor-widget-image\" data-id=\"402453c\" data-element_type=\"widget\" data-settings=\"{&quot;_animation&quot;:&quot;fadeInDown&quot;}\" data-widget_type=\"image.default\">\n\t\t\t\t<div class=\"elementor-widget-container\">\n\t\t\t\t\t\t\t\t\t\t\t\t\t\t\t<img decoding=\"async\" width=\"1024\" height=\"217\" data-src=\"https:\/\/www.sinisnavigare.com\/wp-content\/uploads\/2023\/06\/Screenshot-2023-06-19-alle-22.38.57-1024x217.png\" class=\"attachment-large size-large wp-image-2198 lazyload\" alt=\"\" data-srcset=\"https:\/\/www.sinisnavigare.com\/wp-content\/uploads\/2023\/06\/Screenshot-2023-06-19-alle-22.38.57-1024x217.png 1024w, https:\/\/www.sinisnavigare.com\/wp-content\/uploads\/2023\/06\/Screenshot-2023-06-19-alle-22.38.57-300x63.png 300w, https:\/\/www.sinisnavigare.com\/wp-content\/uploads\/2023\/06\/Screenshot-2023-06-19-alle-22.38.57-768x162.png 768w, https:\/\/www.sinisnavigare.com\/wp-content\/uploads\/2023\/06\/Screenshot-2023-06-19-alle-22.38.57-1536x325.png 1536w, https:\/\/www.sinisnavigare.com\/wp-content\/uploads\/2023\/06\/Screenshot-2023-06-19-alle-22.38.57.png 1712w\" data-sizes=\"(max-width: 1024px) 100vw, 1024px\" src=\"data:image\/gif;base64,R0lGODlhAQABAAAAACH5BAEKAAEALAAAAAABAAEAAAICTAEAOw==\" style=\"--smush-placeholder-width: 1024px; --smush-placeholder-aspect-ratio: 1024\/217;\" \/>\t\t\t\t\t\t\t\t\t\t\t\t\t\t\t<\/div>\n\t\t\t\t<\/div>\n\t\t\t\t\t<\/div>\n\t\t<\/div>\n\t\t\t\t\t<\/div>\n\t\t<\/section>\n\t\t\t\t<\/div>\n\t\t","protected":false},"excerpt":{"rendered":"<p>istruzioni per il comandante Responsabilit\u00e0 del comandante: Responsabile della navigazione, dell&#8217;utilizzo delle attrezzature e della sicurezza degli occupanti e dei terzi. Il gommone non pu\u00f2 essere sublocato, utilizzato per lo sci nautico o il traino di altre unit\u00e0. \u00c8 vietato provocare rumori molesti. Prima di lasciare l&#8217;ormeggio: A. Informarsi sulle ordinanze che regolano la navigazione &hellip;<\/p>\n<p class=\"read-more\"> <a class=\"\" href=\"https:\/\/www.sinisnavigare.com\/?page_id=1928\"> <span class=\"screen-reader-text\">Istruzioni per il comandante<\/span> Leggi altro &raquo;<\/a><\/p>\n","protected":false},"author":1,"featured_media":0,"parent":0,"menu_order":0,"comment_status":"closed","ping_status":"closed","template":"","meta":{"_uag_custom_page_level_css":"","site-sidebar-layout":"no-sidebar","site-content-layout":"page-builder","ast-global-header-display":"","ast-main-header-display":"","ast-hfb-above-header-display":"","ast-hfb-below-header-display":"","ast-hfb-mobile-header-display":"","site-post-title":"disabled","ast-breadcrumbs-content":"","ast-featured-img":"disabled","footer-sml-layout":"","theme-transparent-header-meta":"enabled","adv-header-id-meta":"","stick-header-meta":"","header-above-stick-meta":"","header-main-stick-meta":"","header-below-stick-meta":"","footnotes":""},"class_list":["post-1928","page","type-page","status-publish","hentry"],"yoast_head":"<!-- This site is optimized with the Yoast SEO plugin v25.3 - https:\/\/yoast.com\/wordpress\/plugins\/seo\/ -->\n<title>Istruzioni per il comandante - SinisNavigare Noleggio Gommoni in Sardegna, Oristano Sinis<\/title>\n<meta name=\"robots\" content=\"index, follow, max-snippet:-1, max-image-preview:large, max-video-preview:-1\" \/>\n<link rel=\"canonical\" href=\"https:\/\/www.sinisnavigare.com\/?page_id=1928\" \/>\n<meta property=\"og:locale\" content=\"it_IT\" \/>\n<meta property=\"og:type\" content=\"article\" \/>\n<meta property=\"og:title\" content=\"Istruzioni per il comandante - SinisNavigare Noleggio Gommoni in Sardegna, Oristano Sinis\" \/>\n<meta property=\"og:description\" content=\"istruzioni per il comandante Responsabilit\u00e0 del comandante: Responsabile della navigazione, dell&#8217;utilizzo delle attrezzature e della sicurezza degli occupanti e dei terzi. Il gommone non pu\u00f2 essere sublocato, utilizzato per lo sci nautico o il traino di altre unit\u00e0. \u00c8 vietato provocare rumori molesti. Prima di lasciare l&#8217;ormeggio: A. Informarsi sulle ordinanze che regolano la navigazione &hellip; Istruzioni per il comandante Leggi altro &raquo;\" \/>\n<meta property=\"og:url\" content=\"https:\/\/www.sinisnavigare.com\/?page_id=1928\" \/>\n<meta property=\"og:site_name\" content=\"SinisNavigare Noleggio Gommoni in Sardegna, Oristano Sinis\" \/>\n<meta property=\"article:modified_time\" content=\"2025-06-20T02:08:54+00:00\" \/>\n<meta property=\"og:image\" content=\"https:\/\/www.sinisnavigare.com\/wp-content\/uploads\/2023\/06\/Screenshot-2023-06-19-alle-22.30.03.png\" \/>\n\t<meta property=\"og:image:width\" content=\"920\" \/>\n\t<meta property=\"og:image:height\" content=\"614\" \/>\n\t<meta property=\"og:image:type\" content=\"image\/png\" \/>\n<meta name=\"twitter:card\" content=\"summary_large_image\" \/>\n<meta name=\"twitter:label1\" content=\"Tempo di lettura stimato\" \/>\n\t<meta name=\"twitter:data1\" content=\"5 minuti\" \/>\n<script type=\"application\/ld+json\" class=\"yoast-schema-graph\">{\"@context\":\"https:\/\/schema.org\",\"@graph\":[{\"@type\":\"WebPage\",\"@id\":\"https:\/\/www.sinisnavigare.com\/?page_id=1928\",\"url\":\"https:\/\/www.sinisnavigare.com\/?page_id=1928\",\"name\":\"Istruzioni per il comandante - SinisNavigare Noleggio Gommoni in Sardegna, Oristano Sinis\",\"isPartOf\":{\"@id\":\"https:\/\/www.sinisnavigare.com\/#website\"},\"primaryImageOfPage\":{\"@id\":\"https:\/\/www.sinisnavigare.com\/?page_id=1928#primaryimage\"},\"image\":{\"@id\":\"https:\/\/www.sinisnavigare.com\/?page_id=1928#primaryimage\"},\"thumbnailUrl\":\"https:\/\/www.sinisnavigare.com\/wp-content\/uploads\/2023\/06\/Screenshot-2023-06-19-alle-22.30.03.png\",\"datePublished\":\"2021-11-21T15:14:41+00:00\",\"dateModified\":\"2025-06-20T02:08:54+00:00\",\"breadcrumb\":{\"@id\":\"https:\/\/www.sinisnavigare.com\/?page_id=1928#breadcrumb\"},\"inLanguage\":\"it-IT\",\"potentialAction\":[{\"@type\":\"ReadAction\",\"target\":[\"https:\/\/www.sinisnavigare.com\/?page_id=1928\"]}]},{\"@type\":\"ImageObject\",\"inLanguage\":\"it-IT\",\"@id\":\"https:\/\/www.sinisnavigare.com\/?page_id=1928#primaryimage\",\"url\":\"https:\/\/www.sinisnavigare.com\/wp-content\/uploads\/2023\/06\/Screenshot-2023-06-19-alle-22.30.03.png\",\"contentUrl\":\"https:\/\/www.sinisnavigare.com\/wp-content\/uploads\/2023\/06\/Screenshot-2023-06-19-alle-22.30.03.png\",\"width\":920,\"height\":614},{\"@type\":\"BreadcrumbList\",\"@id\":\"https:\/\/www.sinisnavigare.com\/?page_id=1928#breadcrumb\",\"itemListElement\":[{\"@type\":\"ListItem\",\"position\":1,\"name\":\"Home\",\"item\":\"https:\/\/www.sinisnavigare.com\/\"},{\"@type\":\"ListItem\",\"position\":2,\"name\":\"Istruzioni per il comandante\"}]},{\"@type\":\"WebSite\",\"@id\":\"https:\/\/www.sinisnavigare.com\/#website\",\"url\":\"https:\/\/www.sinisnavigare.com\/\",\"name\":\"SinisNavigare Noleggio Gommoni in Sardegna, Oristano Sinis\",\"description\":\"Noleggia un gommone e vivi il mare di Sardegna tra acque cristalline, isole incontaminate e paesaggi mozzafiato. Anche senza patente nautica!\",\"publisher\":{\"@id\":\"https:\/\/www.sinisnavigare.com\/#organization\"},\"potentialAction\":[{\"@type\":\"SearchAction\",\"target\":{\"@type\":\"EntryPoint\",\"urlTemplate\":\"https:\/\/www.sinisnavigare.com\/?s={search_term_string}\"},\"query-input\":{\"@type\":\"PropertyValueSpecification\",\"valueRequired\":true,\"valueName\":\"search_term_string\"}}],\"inLanguage\":\"it-IT\"},{\"@type\":\"Organization\",\"@id\":\"https:\/\/www.sinisnavigare.com\/#organization\",\"name\":\"SinisNavigare Noleggio Gommoni in Sardegna, Oristano Sinis\",\"url\":\"https:\/\/www.sinisnavigare.com\/\",\"logo\":{\"@type\":\"ImageObject\",\"inLanguage\":\"it-IT\",\"@id\":\"https:\/\/www.sinisnavigare.com\/#\/schema\/logo\/image\/\",\"url\":\"https:\/\/www.sinisnavigare.com\/wp-content\/uploads\/2023\/07\/cropped-SINIS_LOGO_COLOR_TRANSPARENT.png\",\"contentUrl\":\"https:\/\/www.sinisnavigare.com\/wp-content\/uploads\/2023\/07\/cropped-SINIS_LOGO_COLOR_TRANSPARENT.png\",\"width\":1500,\"height\":1456,\"caption\":\"SinisNavigare Noleggio Gommoni in Sardegna, Oristano Sinis\"},\"image\":{\"@id\":\"https:\/\/www.sinisnavigare.com\/#\/schema\/logo\/image\/\"},\"sameAs\":[\"https:\/\/www.youtube.com\/@SinisNavigare\"]}]}<\/script>\n<!-- \/ Yoast SEO plugin. -->","yoast_head_json":{"title":"Istruzioni per il comandante - SinisNavigare Noleggio Gommoni in Sardegna, Oristano Sinis","robots":{"index":"index","follow":"follow","max-snippet":"max-snippet:-1","max-image-preview":"max-image-preview:large","max-video-preview":"max-video-preview:-1"},"canonical":"https:\/\/www.sinisnavigare.com\/?page_id=1928","og_locale":"it_IT","og_type":"article","og_title":"Istruzioni per il comandante - SinisNavigare Noleggio Gommoni in Sardegna, Oristano Sinis","og_description":"istruzioni per il comandante Responsabilit\u00e0 del comandante: Responsabile della navigazione, dell&#8217;utilizzo delle attrezzature e della sicurezza degli occupanti e dei terzi. Il gommone non pu\u00f2 essere sublocato, utilizzato per lo sci nautico o il traino di altre unit\u00e0. \u00c8 vietato provocare rumori molesti. Prima di lasciare l&#8217;ormeggio: A. Informarsi sulle ordinanze che regolano la navigazione &hellip; Istruzioni per il comandante Leggi altro &raquo;","og_url":"https:\/\/www.sinisnavigare.com\/?page_id=1928","og_site_name":"SinisNavigare Noleggio Gommoni in Sardegna, Oristano Sinis","article_modified_time":"2025-06-20T02:08:54+00:00","og_image":[{"width":920,"height":614,"url":"https:\/\/www.sinisnavigare.com\/wp-content\/uploads\/2023\/06\/Screenshot-2023-06-19-alle-22.30.03.png","type":"image\/png"}],"twitter_card":"summary_large_image","twitter_misc":{"Tempo di lettura stimato":"5 minuti"},"schema":{"@context":"https:\/\/schema.org","@graph":[{"@type":"WebPage","@id":"https:\/\/www.sinisnavigare.com\/?page_id=1928","url":"https:\/\/www.sinisnavigare.com\/?page_id=1928","name":"Istruzioni per il comandante - SinisNavigare Noleggio Gommoni in Sardegna, Oristano Sinis","isPartOf":{"@id":"https:\/\/www.sinisnavigare.com\/#website"},"primaryImageOfPage":{"@id":"https:\/\/www.sinisnavigare.com\/?page_id=1928#primaryimage"},"image":{"@id":"https:\/\/www.sinisnavigare.com\/?page_id=1928#primaryimage"},"thumbnailUrl":"https:\/\/www.sinisnavigare.com\/wp-content\/uploads\/2023\/06\/Screenshot-2023-06-19-alle-22.30.03.png","datePublished":"2021-11-21T15:14:41+00:00","dateModified":"2025-06-20T02:08:54+00:00","breadcrumb":{"@id":"https:\/\/www.sinisnavigare.com\/?page_id=1928#breadcrumb"},"inLanguage":"it-IT","potentialAction":[{"@type":"ReadAction","target":["https:\/\/www.sinisnavigare.com\/?page_id=1928"]}]},{"@type":"ImageObject","inLanguage":"it-IT","@id":"https:\/\/www.sinisnavigare.com\/?page_id=1928#primaryimage","url":"https:\/\/www.sinisnavigare.com\/wp-content\/uploads\/2023\/06\/Screenshot-2023-06-19-alle-22.30.03.png","contentUrl":"https:\/\/www.sinisnavigare.com\/wp-content\/uploads\/2023\/06\/Screenshot-2023-06-19-alle-22.30.03.png","width":920,"height":614},{"@type":"BreadcrumbList","@id":"https:\/\/www.sinisnavigare.com\/?page_id=1928#breadcrumb","itemListElement":[{"@type":"ListItem","position":1,"name":"Home","item":"https:\/\/www.sinisnavigare.com\/"},{"@type":"ListItem","position":2,"name":"Istruzioni per il comandante"}]},{"@type":"WebSite","@id":"https:\/\/www.sinisnavigare.com\/#website","url":"https:\/\/www.sinisnavigare.com\/","name":"SinisNavigare Noleggio Gommoni in Sardegna, Oristano Sinis","description":"Noleggia un gommone e vivi il mare di Sardegna tra acque cristalline, isole incontaminate e paesaggi mozzafiato. Anche senza patente nautica!","publisher":{"@id":"https:\/\/www.sinisnavigare.com\/#organization"},"potentialAction":[{"@type":"SearchAction","target":{"@type":"EntryPoint","urlTemplate":"https:\/\/www.sinisnavigare.com\/?s={search_term_string}"},"query-input":{"@type":"PropertyValueSpecification","valueRequired":true,"valueName":"search_term_string"}}],"inLanguage":"it-IT"},{"@type":"Organization","@id":"https:\/\/www.sinisnavigare.com\/#organization","name":"SinisNavigare Noleggio Gommoni in Sardegna, Oristano Sinis","url":"https:\/\/www.sinisnavigare.com\/","logo":{"@type":"ImageObject","inLanguage":"it-IT","@id":"https:\/\/www.sinisnavigare.com\/#\/schema\/logo\/image\/","url":"https:\/\/www.sinisnavigare.com\/wp-content\/uploads\/2023\/07\/cropped-SINIS_LOGO_COLOR_TRANSPARENT.png","contentUrl":"https:\/\/www.sinisnavigare.com\/wp-content\/uploads\/2023\/07\/cropped-SINIS_LOGO_COLOR_TRANSPARENT.png","width":1500,"height":1456,"caption":"SinisNavigare Noleggio Gommoni in Sardegna, Oristano Sinis"},"image":{"@id":"https:\/\/www.sinisnavigare.com\/#\/schema\/logo\/image\/"},"sameAs":["https:\/\/www.youtube.com\/@SinisNavigare"]}]}},"uagb_featured_image_src":{"full":false,"thumbnail":false,"medium":false,"medium_large":false,"large":false,"1536x1536":false,"2048x2048":false},"uagb_author_info":{"display_name":"sinis","author_link":"https:\/\/www.sinisnavigare.com\/?author=1"},"uagb_comment_info":0,"uagb_excerpt":"istruzioni per il comandante Responsabilit\u00e0 del comandante: Responsabile della navigazione, dell&#8217;utilizzo delle attrezzature e della sicurezza degli occupanti e dei terzi. Il gommone non pu\u00f2 essere sublocato, utilizzato per lo sci nautico o il traino di altre unit\u00e0. \u00c8 vietato provocare rumori molesti. Prima di lasciare l&#8217;ormeggio: A. Informarsi sulle ordinanze che regolano la navigazione&hellip;","_links":{"self":[{"href":"https:\/\/www.sinisnavigare.com\/index.php?rest_route=\/wp\/v2\/pages\/1928","targetHints":{"allow":["GET"]}}],"collection":[{"href":"https:\/\/www.sinisnavigare.com\/index.php?rest_route=\/wp\/v2\/pages"}],"about":[{"href":"https:\/\/www.sinisnavigare.com\/index.php?rest_route=\/wp\/v2\/types\/page"}],"author":[{"embeddable":true,"href":"https:\/\/www.sinisnavigare.com\/index.php?rest_route=\/wp\/v2\/users\/1"}],"replies":[{"embeddable":true,"href":"https:\/\/www.sinisnavigare.com\/index.php?rest_route=%2Fwp%2Fv2%2Fcomments&post=1928"}],"version-history":[{"count":17,"href":"https:\/\/www.sinisnavigare.com\/index.php?rest_route=\/wp\/v2\/pages\/1928\/revisions"}],"predecessor-version":[{"id":2498,"href":"https:\/\/www.sinisnavigare.com\/index.php?rest_route=\/wp\/v2\/pages\/1928\/revisions\/2498"}],"wp:attachment":[{"href":"https:\/\/www.sinisnavigare.com\/index.php?rest_route=%2Fwp%2Fv2%2Fmedia&parent=1928"}],"curies":[{"name":"wp","href":"https:\/\/api.w.org\/{rel}","templated":true}]}}