{"id":2119,"date":"2023-04-28T13:37:15","date_gmt":"2023-04-28T11:37:15","guid":{"rendered":"http:\/\/sinisnavigare.com\/?page_id=2119"},"modified":"2025-06-20T04:06:50","modified_gmt":"2025-06-20T02:06:50","slug":"deutsce","status":"publish","type":"page","link":"https:\/\/www.sinisnavigare.com\/?page_id=2119","title":{"rendered":"Deutsche"},"content":{"rendered":"\t\t<div data-elementor-type=\"wp-page\" data-elementor-id=\"2119\" class=\"elementor elementor-2119\">\n\t\t\t\t\t\t<section class=\"elementor-section elementor-top-section elementor-element elementor-element-3447f83 elementor-section-height-min-height elementor-section-boxed elementor-section-height-default elementor-section-items-middle\" data-id=\"3447f83\" data-element_type=\"section\" data-settings=\"{&quot;background_background&quot;:&quot;classic&quot;}\">\n\t\t\t\t\t\t<div class=\"elementor-container elementor-column-gap-default\">\n\t\t\t\t\t<div class=\"elementor-column elementor-col-100 elementor-top-column elementor-element elementor-element-b3a35f8\" data-id=\"b3a35f8\" data-element_type=\"column\">\n\t\t\t<div class=\"elementor-widget-wrap elementor-element-populated\">\n\t\t\t\t\t\t\t<\/div>\n\t\t<\/div>\n\t\t\t\t\t<\/div>\n\t\t<\/section>\n\t\t\t\t<section class=\"elementor-section elementor-top-section elementor-element elementor-element-460970c elementor-section-boxed elementor-section-height-default elementor-section-height-default\" data-id=\"460970c\" data-element_type=\"section\">\n\t\t\t\t\t\t<div class=\"elementor-container elementor-column-gap-wide\">\n\t\t\t\t\t<div class=\"elementor-column elementor-col-50 elementor-top-column elementor-element elementor-element-21f68a6\" data-id=\"21f68a6\" data-element_type=\"column\">\n\t\t\t<div class=\"elementor-widget-wrap elementor-element-populated\">\n\t\t\t\t\t\t<div class=\"elementor-element elementor-element-670e6d2 e-transform elementor-widget elementor-widget-image\" data-id=\"670e6d2\" data-element_type=\"widget\" data-settings=\"{&quot;_transform_translateY_effect_hover&quot;:{&quot;unit&quot;:&quot;px&quot;,&quot;size&quot;:10,&quot;sizes&quot;:[]},&quot;_transform_translateX_effect_hover&quot;:{&quot;unit&quot;:&quot;px&quot;,&quot;size&quot;:&quot;&quot;,&quot;sizes&quot;:[]},&quot;_transform_translateX_effect_hover_tablet&quot;:{&quot;unit&quot;:&quot;px&quot;,&quot;size&quot;:&quot;&quot;,&quot;sizes&quot;:[]},&quot;_transform_translateX_effect_hover_mobile&quot;:{&quot;unit&quot;:&quot;px&quot;,&quot;size&quot;:&quot;&quot;,&quot;sizes&quot;:[]},&quot;_transform_translateY_effect_hover_tablet&quot;:{&quot;unit&quot;:&quot;px&quot;,&quot;size&quot;:&quot;&quot;,&quot;sizes&quot;:[]},&quot;_transform_translateY_effect_hover_mobile&quot;:{&quot;unit&quot;:&quot;px&quot;,&quot;size&quot;:&quot;&quot;,&quot;sizes&quot;:[]}}\" data-widget_type=\"image.default\">\n\t\t\t\t<div class=\"elementor-widget-container\">\n\t\t\t\t\t\t\t\t\t\t\t\t\t\t\t<img fetchpriority=\"high\" decoding=\"async\" width=\"1024\" height=\"683\" src=\"https:\/\/www.sinisnavigare.com\/wp-content\/uploads\/2023\/04\/1497588835_155-1.jpg\" class=\"attachment-large size-large wp-image-2104\" alt=\"\" srcset=\"https:\/\/www.sinisnavigare.com\/wp-content\/uploads\/2023\/04\/1497588835_155-1.jpg 1024w, https:\/\/www.sinisnavigare.com\/wp-content\/uploads\/2023\/04\/1497588835_155-1-300x200.jpg 300w, https:\/\/www.sinisnavigare.com\/wp-content\/uploads\/2023\/04\/1497588835_155-1-768x512.jpg 768w\" sizes=\"(max-width: 1024px) 100vw, 1024px\" \/>\t\t\t\t\t\t\t\t\t\t\t\t\t\t\t<\/div>\n\t\t\t\t<\/div>\n\t\t\t\t\t<\/div>\n\t\t<\/div>\n\t\t\t\t<div class=\"elementor-column elementor-col-50 elementor-top-column elementor-element elementor-element-bc42c60\" data-id=\"bc42c60\" data-element_type=\"column\">\n\t\t\t<div class=\"elementor-widget-wrap elementor-element-populated\">\n\t\t\t\t\t\t<div class=\"elementor-element elementor-element-0073403 elementor-widget elementor-widget-heading\" data-id=\"0073403\" data-element_type=\"widget\" data-widget_type=\"heading.default\">\n\t\t\t\t<div class=\"elementor-widget-container\">\n\t\t\t\t\t<h2 class=\"elementor-heading-title elementor-size-default\">Sie die sch\u00f6nsten Str\u00e4nde.<\/h2>\t\t\t\t<\/div>\n\t\t\t\t<\/div>\n\t\t\t\t<div class=\"elementor-element elementor-element-60241e2 elementor-widget elementor-widget-text-editor\" data-id=\"60241e2\" data-element_type=\"widget\" data-widget_type=\"text-editor.default\">\n\t\t\t\t<div class=\"elementor-widget-container\">\n\t\t\t\t\t\t\t\t\t<div id=\"page-zones__main-widgets__text1\" class=\"content widget js-widget\" data-name=\"content\" data-uniqueid=\"O2mAfL9NI1BpL0L\" data-parentuniqueid=\"MnPbPw5lus4K9hI\"><div class=\"bk-content-text js-text-content wysihtml-editor-content\"><p><span style=\"font-style: inherit; font-weight: inherit; background-color: var(--ast-global-color-5); color: var(--ast-global-color-3);\">Zuhause<\/span><\/p><p><span style=\"font-style: inherit; font-weight: inherit; background-color: var(--ast-global-color-5); color: var(--ast-global-color-3);\">Machen Sie einen Ausflug an die K\u00fcste von Oristano, in wenigen Minuten erreichen Sie die sch\u00f6nsten Str\u00e4nde.<\/span><span style=\"font-style: inherit; font-weight: inherit; background-color: var(--ast-global-color-5); color: var(--ast-global-color-3);\">Die Bucht und Tharros verf\u00fcgen \u00fcber kostenlose Bojenfelder, Mari Ermi, San Giovanni di Sinis Maimoi,Is Arutas, die Oase der Seo, Turm der Piraten, einschlie\u00dflich der Insel Maldiventre noch incontaminata.Su nat\u00fcrliche Sch\u00f6nheit Anfrage Schlauchboot wird an jedem Strand mit einem speziellen ausgestattet geliefert werden Halle f\u00fcr Boote.<\/span><\/p><\/div><\/div>\t\t\t\t\t\t\t\t<\/div>\n\t\t\t\t<\/div>\n\t\t\t\t\t<\/div>\n\t\t<\/div>\n\t\t\t\t\t<\/div>\n\t\t<\/section>\n\t\t\t\t<section class=\"elementor-section elementor-top-section elementor-element elementor-element-ec5e619 elementor-section-boxed elementor-section-height-default elementor-section-height-default\" data-id=\"ec5e619\" data-element_type=\"section\">\n\t\t\t\t\t\t<div class=\"elementor-container elementor-column-gap-wide\">\n\t\t\t\t\t<div class=\"elementor-column elementor-col-50 elementor-top-column elementor-element elementor-element-b0659d6\" data-id=\"b0659d6\" data-element_type=\"column\">\n\t\t\t<div class=\"elementor-widget-wrap elementor-element-populated\">\n\t\t\t\t\t\t<div class=\"elementor-element elementor-element-92400a9 elementor-vertical-align-top elementor-invisible elementor-widget elementor-widget-icon-box\" data-id=\"92400a9\" data-element_type=\"widget\" data-settings=\"{&quot;_animation&quot;:&quot;fadeInRight&quot;}\" data-widget_type=\"icon-box.default\">\n\t\t\t\t<div class=\"elementor-widget-container\">\n\t\t\t\t\t\t\t<div class=\"elementor-icon-box-wrapper\">\n\n\t\t\t\n\t\t\t\t\t\t<div class=\"elementor-icon-box-content\">\n\n\t\t\t\t\t\t\t\t\t<h3 class=\"elementor-icon-box-title\">\n\t\t\t\t\t\t<span  >\n\t\t\t\t\t\t\tEMAIL\t\t\t\t\t\t<\/span>\n\t\t\t\t\t<\/h3>\n\t\t\t\t\n\t\t\t\t\t\t\t\t\t<p class=\"elementor-icon-box-description\">\n\t\t\t\t\t\tinfo@sinisnavigare.it\n\t\t\t\t\t<\/p>\n\t\t\t\t\n\t\t\t<\/div>\n\t\t\t\n\t\t<\/div>\n\t\t\t\t\t\t<\/div>\n\t\t\t\t<\/div>\n\t\t\t\t<div class=\"elementor-element elementor-element-6cfbaec elementor-vertical-align-top elementor-invisible elementor-widget elementor-widget-icon-box\" data-id=\"6cfbaec\" data-element_type=\"widget\" data-settings=\"{&quot;_animation&quot;:&quot;fadeInRight&quot;}\" data-widget_type=\"icon-box.default\">\n\t\t\t\t<div class=\"elementor-widget-container\">\n\t\t\t\t\t\t\t<div class=\"elementor-icon-box-wrapper\">\n\n\t\t\t\n\t\t\t\t\t\t<div class=\"elementor-icon-box-content\">\n\n\t\t\t\t\t\t\t\t\t<h3 class=\"elementor-icon-box-title\">\n\t\t\t\t\t\t<span  >\n\t\t\t\t\t\t\tPHONE NUMBER\t\t\t\t\t\t<\/span>\n\t\t\t\t\t<\/h3>\n\t\t\t\t\n\t\t\t\t\t\t\t\t\t<p class=\"elementor-icon-box-description\">\n\t\t\t\t\t\t+39.327.38.16.130\t\t\t\t\t<\/p>\n\t\t\t\t\n\t\t\t<\/div>\n\t\t\t\n\t\t<\/div>\n\t\t\t\t\t\t<\/div>\n\t\t\t\t<\/div>\n\t\t\t\t<div class=\"elementor-element elementor-element-624ed72 elementor-vertical-align-top elementor-invisible elementor-widget elementor-widget-icon-box\" data-id=\"624ed72\" data-element_type=\"widget\" data-settings=\"{&quot;_animation&quot;:&quot;fadeInRight&quot;}\" data-widget_type=\"icon-box.default\">\n\t\t\t\t<div class=\"elementor-widget-container\">\n\t\t\t\t\t\t\t<div class=\"elementor-icon-box-wrapper\">\n\n\t\t\t\n\t\t\t\t\t\t<div class=\"elementor-icon-box-content\">\n\n\t\t\t\t\t\t\t\t\t<h3 class=\"elementor-icon-box-title\">\n\t\t\t\t\t\t<span  >\n\t\t\t\t\t\t\tADDRESS\t\t\t\t\t\t<\/span>\n\t\t\t\t\t<\/h3>\n\t\t\t\t\n\t\t\t\t\t\t\t\t\t<p class=\"elementor-icon-box-description\">\n\t\t\t\t\t\tPorticciolo di Marina di Torregrande <br\/>\n09170 Torre Grande OR \n\t\t\t\t\t<\/p>\n\t\t\t\t\n\t\t\t<\/div>\n\t\t\t\n\t\t<\/div>\n\t\t\t\t\t\t<\/div>\n\t\t\t\t<\/div>\n\t\t\t\t\t<\/div>\n\t\t<\/div>\n\t\t\t\t<div class=\"elementor-column elementor-col-50 elementor-top-column elementor-element elementor-element-1ea0b7d\" data-id=\"1ea0b7d\" data-element_type=\"column\">\n\t\t\t<div class=\"elementor-widget-wrap elementor-element-populated\">\n\t\t\t\t\t\t<div class=\"elementor-element elementor-element-8ca46cb elementor-widget elementor-widget-wpforms\" data-id=\"8ca46cb\" data-element_type=\"widget\" data-widget_type=\"wpforms.default\">\n\t\t\t\t<div class=\"elementor-widget-container\">\n\t\t\t\t\t<div class=\"wpforms-container \" id=\"wpforms-1924\"><form id=\"wpforms-form-1924\" class=\"wpforms-validate wpforms-form wpforms-ajax-form\" data-formid=\"1924\" method=\"post\" enctype=\"multipart\/form-data\" action=\"\/index.php?rest_route=%2Fwp%2Fv2%2Fpages%2F2119\" data-token=\"0c1e885112a69a289085ada213c83b96\" data-token-time=\"1775902301\"><noscript class=\"wpforms-error-noscript\">Abilita JavaScript nel browser per completare questo modulo.<\/noscript><div class=\"wpforms-field-container\"><div id=\"wpforms-1924-field_2-container\" class=\"wpforms-field wpforms-field-number\" data-field-id=\"2\"><label class=\"wpforms-field-label wpforms-label-hide\" for=\"wpforms-1924-field_2\">Phone Number <span class=\"wpforms-required-label\">*<\/span><\/label><input type=\"number\" id=\"wpforms-1924-field_2\" class=\"wpforms-field-large wpforms-field-required\" name=\"wpforms[fields][2]\" placeholder=\"Phone Number\" step=\"any\" required><\/div><div id=\"wpforms-1924-field_1-container\" class=\"wpforms-field wpforms-field-text\" data-field-id=\"1\"><label class=\"wpforms-field-label wpforms-label-hide\" for=\"wpforms-1924-field_1\">Your Name <span class=\"wpforms-required-label\">*<\/span><\/label><input type=\"text\" id=\"wpforms-1924-field_1\" class=\"wpforms-field-large wpforms-field-required\" name=\"wpforms[fields][1]\" placeholder=\"Your Name\" required><\/div><div id=\"wpforms-1924-field_3-container\" class=\"wpforms-field wpforms-field-email\" data-field-id=\"3\"><label class=\"wpforms-field-label wpforms-label-hide\" for=\"wpforms-1924-field_3\">Email <span class=\"wpforms-required-label\">*<\/span><\/label><input type=\"email\" id=\"wpforms-1924-field_3\" class=\"wpforms-field-large wpforms-field-required\" name=\"wpforms[fields][3]\" placeholder=\"Email\" spellcheck=\"false\" required><\/div><div id=\"wpforms-1924-field_4-container\" class=\"wpforms-field wpforms-field-textarea\" data-field-id=\"4\"><label class=\"wpforms-field-label wpforms-label-hide\" for=\"wpforms-1924-field_4\">Message <span class=\"wpforms-required-label\">*<\/span><\/label><textarea id=\"wpforms-1924-field_4\" class=\"wpforms-field-medium wpforms-field-required\" name=\"wpforms[fields][4]\" placeholder=\"Message\" required><\/textarea><\/div><\/div><!-- .wpforms-field-container --><div class=\"wpforms-recaptcha-container wpforms-is-recaptcha wpforms-is-recaptcha-type-v3\" ><input type=\"hidden\" name=\"wpforms[recaptcha]\" value=\"\"><\/div><div class=\"wpforms-submit-container\" ><input type=\"hidden\" name=\"wpforms[id]\" value=\"1924\"><input type=\"hidden\" name=\"page_title\" value=\"\"><input type=\"hidden\" name=\"page_url\" value=\"https:\/\/www.sinisnavigare.com\/index.php?rest_route=\/wp\/v2\/pages\/2119\"><input type=\"hidden\" name=\"url_referer\" value=\"\"><button type=\"submit\" name=\"wpforms[submit]\" id=\"wpforms-submit-1924\" class=\"wpforms-submit\" data-alt-text=\"Sending...\" data-submit-text=\"SEND NOW\" aria-live=\"assertive\" value=\"wpforms-submit\">SEND NOW<\/button><img decoding=\"async\" data-src=\"https:\/\/www.sinisnavigare.com\/wp-content\/plugins\/wpforms-lite\/assets\/images\/submit-spin.svg\" class=\"wpforms-submit-spinner lazyload\" style=\"--smush-placeholder-width: 26px; --smush-placeholder-aspect-ratio: 26\/26;display: none;\" width=\"26\" height=\"26\" alt=\"Caricamento\" src=\"data:image\/gif;base64,R0lGODlhAQABAAAAACH5BAEKAAEALAAAAAABAAEAAAICTAEAOw==\"><\/div><\/form><\/div>  <!-- .wpforms-container -->\t\t\t\t<\/div>\n\t\t\t\t<\/div>\n\t\t\t\t\t<\/div>\n\t\t<\/div>\n\t\t\t\t\t<\/div>\n\t\t<\/section>\n\t\t<div class=\"elementor-element elementor-element-0d994a2 e-flex e-con-boxed e-con e-parent\" data-id=\"0d994a2\" data-element_type=\"container\">\n\t\t\t\t\t<div class=\"e-con-inner\">\n\t\t\t\t<div class=\"elementor-element elementor-element-5dbea5a elementor-widget elementor-widget-google_maps\" data-id=\"5dbea5a\" data-element_type=\"widget\" data-widget_type=\"google_maps.default\">\n\t\t\t\t<div class=\"elementor-widget-container\">\n\t\t\t\t\t\t\t<div class=\"elementor-custom-embed\">\n\t\t\t<iframe\n\t\t\t\t\tdata-src=\"https:\/\/maps.google.com\/maps?q=sinis%20navigare&#038;t=m&#038;z=13&#038;output=embed&#038;iwloc=near\"\n\t\t\t\t\ttitle=\"sinis navigare\"\n\t\t\t\t\taria-label=\"sinis navigare\"\n\t\t\t src=\"data:image\/gif;base64,R0lGODlhAQABAAAAACH5BAEKAAEALAAAAAABAAEAAAICTAEAOw==\" class=\"lazyload\" data-load-mode=\"1\"><\/iframe>\n\t\t<\/div>\n\t\t\t\t\t\t<\/div>\n\t\t\t\t<\/div>\n\t\t\t\t\t<\/div>\n\t\t\t\t<\/div>\n\t\t\t\t<\/div>\n\t\t","protected":false},"excerpt":{"rendered":"<p>Sie die sch\u00f6nsten Str\u00e4nde. Zuhause Machen Sie einen Ausflug an die K\u00fcste von Oristano, in wenigen Minuten erreichen Sie die sch\u00f6nsten Str\u00e4nde.Die Bucht und Tharros verf\u00fcgen \u00fcber kostenlose Bojenfelder, Mari Ermi, San Giovanni di Sinis Maimoi,Is Arutas, die Oase der Seo, Turm der Piraten, einschlie\u00dflich der Insel Maldiventre noch incontaminata.Su nat\u00fcrliche Sch\u00f6nheit Anfrage Schlauchboot wird &hellip;<\/p>\n<p class=\"read-more\"> <a class=\"\" href=\"https:\/\/www.sinisnavigare.com\/?page_id=2119\"> <span class=\"screen-reader-text\">Deutsche<\/span> Leggi altro &raquo;<\/a><\/p>\n","protected":false},"author":1,"featured_media":0,"parent":0,"menu_order":0,"comment_status":"closed","ping_status":"closed","template":"","meta":{"_uag_custom_page_level_css":"","site-sidebar-layout":"no-sidebar","site-content-layout":"page-builder","ast-global-header-display":"","ast-main-header-display":"","ast-hfb-above-header-display":"","ast-hfb-below-header-display":"","ast-hfb-mobile-header-display":"","site-post-title":"disabled","ast-breadcrumbs-content":"","ast-featured-img":"disabled","footer-sml-layout":"","theme-transparent-header-meta":"enabled","adv-header-id-meta":"","stick-header-meta":"","header-above-stick-meta":"","header-main-stick-meta":"","header-below-stick-meta":"","footnotes":""},"class_list":["post-2119","page","type-page","status-publish","hentry"],"yoast_head":"<!-- This site is optimized with the Yoast SEO plugin v25.3 - https:\/\/yoast.com\/wordpress\/plugins\/seo\/ -->\n<title>Deutsche - SinisNavigare Noleggio Gommoni in Sardegna, Oristano Sinis<\/title>\n<meta name=\"description\" content=\"RIB-Vermietung in Torregrande Sardinien Oristano Boat Rental\" \/>\n<meta name=\"robots\" content=\"index, follow, max-snippet:-1, max-image-preview:large, max-video-preview:-1\" \/>\n<link rel=\"canonical\" href=\"https:\/\/www.sinisnavigare.com\/?page_id=2119\" \/>\n<meta property=\"og:locale\" content=\"it_IT\" \/>\n<meta property=\"og:type\" content=\"article\" \/>\n<meta property=\"og:title\" content=\"Deutsche - SinisNavigare Noleggio Gommoni in Sardegna, Oristano Sinis\" \/>\n<meta property=\"og:description\" content=\"RIB-Vermietung in Torregrande Sardinien Oristano Boat Rental\" \/>\n<meta property=\"og:url\" content=\"https:\/\/www.sinisnavigare.com\/?page_id=2119\" \/>\n<meta property=\"og:site_name\" content=\"SinisNavigare Noleggio Gommoni in Sardegna, Oristano Sinis\" \/>\n<meta property=\"article:modified_time\" content=\"2025-06-20T02:06:50+00:00\" \/>\n<meta property=\"og:image\" content=\"https:\/\/www.sinisnavigare.com\/wp-content\/uploads\/2023\/04\/1497588835_155-1.jpg\" \/>\n\t<meta property=\"og:image:width\" content=\"1024\" \/>\n\t<meta property=\"og:image:height\" content=\"683\" \/>\n\t<meta property=\"og:image:type\" content=\"image\/jpeg\" \/>\n<meta name=\"twitter:card\" content=\"summary_large_image\" \/>\n<meta name=\"twitter:label1\" content=\"Tempo di lettura stimato\" \/>\n\t<meta name=\"twitter:data1\" content=\"1 minuto\" \/>\n<script type=\"application\/ld+json\" class=\"yoast-schema-graph\">{\"@context\":\"https:\/\/schema.org\",\"@graph\":[{\"@type\":\"WebPage\",\"@id\":\"https:\/\/www.sinisnavigare.com\/?page_id=2119\",\"url\":\"https:\/\/www.sinisnavigare.com\/?page_id=2119\",\"name\":\"Deutsche - SinisNavigare Noleggio Gommoni in Sardegna, Oristano Sinis\",\"isPartOf\":{\"@id\":\"https:\/\/www.sinisnavigare.com\/#website\"},\"primaryImageOfPage\":{\"@id\":\"https:\/\/www.sinisnavigare.com\/?page_id=2119#primaryimage\"},\"image\":{\"@id\":\"https:\/\/www.sinisnavigare.com\/?page_id=2119#primaryimage\"},\"thumbnailUrl\":\"https:\/\/www.sinisnavigare.com\/wp-content\/uploads\/2023\/04\/1497588835_155-1.jpg\",\"datePublished\":\"2023-04-28T11:37:15+00:00\",\"dateModified\":\"2025-06-20T02:06:50+00:00\",\"description\":\"RIB-Vermietung in Torregrande Sardinien Oristano Boat Rental\",\"breadcrumb\":{\"@id\":\"https:\/\/www.sinisnavigare.com\/?page_id=2119#breadcrumb\"},\"inLanguage\":\"it-IT\",\"potentialAction\":[{\"@type\":\"ReadAction\",\"target\":[\"https:\/\/www.sinisnavigare.com\/?page_id=2119\"]}]},{\"@type\":\"ImageObject\",\"inLanguage\":\"it-IT\",\"@id\":\"https:\/\/www.sinisnavigare.com\/?page_id=2119#primaryimage\",\"url\":\"https:\/\/www.sinisnavigare.com\/wp-content\/uploads\/2023\/04\/1497588835_155-1.jpg\",\"contentUrl\":\"https:\/\/www.sinisnavigare.com\/wp-content\/uploads\/2023\/04\/1497588835_155-1.jpg\",\"width\":1024,\"height\":683},{\"@type\":\"BreadcrumbList\",\"@id\":\"https:\/\/www.sinisnavigare.com\/?page_id=2119#breadcrumb\",\"itemListElement\":[{\"@type\":\"ListItem\",\"position\":1,\"name\":\"Home\",\"item\":\"https:\/\/www.sinisnavigare.com\/\"},{\"@type\":\"ListItem\",\"position\":2,\"name\":\"Deutsche\"}]},{\"@type\":\"WebSite\",\"@id\":\"https:\/\/www.sinisnavigare.com\/#website\",\"url\":\"https:\/\/www.sinisnavigare.com\/\",\"name\":\"SinisNavigare Noleggio Gommoni in Sardegna, Oristano Sinis\",\"description\":\"Noleggia un gommone e vivi il mare di Sardegna tra acque cristalline, isole incontaminate e paesaggi mozzafiato. Anche senza patente nautica!\",\"publisher\":{\"@id\":\"https:\/\/www.sinisnavigare.com\/#organization\"},\"potentialAction\":[{\"@type\":\"SearchAction\",\"target\":{\"@type\":\"EntryPoint\",\"urlTemplate\":\"https:\/\/www.sinisnavigare.com\/?s={search_term_string}\"},\"query-input\":{\"@type\":\"PropertyValueSpecification\",\"valueRequired\":true,\"valueName\":\"search_term_string\"}}],\"inLanguage\":\"it-IT\"},{\"@type\":\"Organization\",\"@id\":\"https:\/\/www.sinisnavigare.com\/#organization\",\"name\":\"SinisNavigare Noleggio Gommoni in Sardegna, Oristano Sinis\",\"url\":\"https:\/\/www.sinisnavigare.com\/\",\"logo\":{\"@type\":\"ImageObject\",\"inLanguage\":\"it-IT\",\"@id\":\"https:\/\/www.sinisnavigare.com\/#\/schema\/logo\/image\/\",\"url\":\"https:\/\/www.sinisnavigare.com\/wp-content\/uploads\/2023\/07\/cropped-SINIS_LOGO_COLOR_TRANSPARENT.png\",\"contentUrl\":\"https:\/\/www.sinisnavigare.com\/wp-content\/uploads\/2023\/07\/cropped-SINIS_LOGO_COLOR_TRANSPARENT.png\",\"width\":1500,\"height\":1456,\"caption\":\"SinisNavigare Noleggio Gommoni in Sardegna, Oristano Sinis\"},\"image\":{\"@id\":\"https:\/\/www.sinisnavigare.com\/#\/schema\/logo\/image\/\"},\"sameAs\":[\"https:\/\/www.youtube.com\/@SinisNavigare\"]}]}<\/script>\n<!-- \/ Yoast SEO plugin. -->","yoast_head_json":{"title":"Deutsche - SinisNavigare Noleggio Gommoni in Sardegna, Oristano Sinis","description":"RIB-Vermietung in Torregrande Sardinien Oristano Boat Rental","robots":{"index":"index","follow":"follow","max-snippet":"max-snippet:-1","max-image-preview":"max-image-preview:large","max-video-preview":"max-video-preview:-1"},"canonical":"https:\/\/www.sinisnavigare.com\/?page_id=2119","og_locale":"it_IT","og_type":"article","og_title":"Deutsche - SinisNavigare Noleggio Gommoni in Sardegna, Oristano Sinis","og_description":"RIB-Vermietung in Torregrande Sardinien Oristano Boat Rental","og_url":"https:\/\/www.sinisnavigare.com\/?page_id=2119","og_site_name":"SinisNavigare Noleggio Gommoni in Sardegna, Oristano Sinis","article_modified_time":"2025-06-20T02:06:50+00:00","og_image":[{"width":1024,"height":683,"url":"https:\/\/www.sinisnavigare.com\/wp-content\/uploads\/2023\/04\/1497588835_155-1.jpg","type":"image\/jpeg"}],"twitter_card":"summary_large_image","twitter_misc":{"Tempo di lettura stimato":"1 minuto"},"schema":{"@context":"https:\/\/schema.org","@graph":[{"@type":"WebPage","@id":"https:\/\/www.sinisnavigare.com\/?page_id=2119","url":"https:\/\/www.sinisnavigare.com\/?page_id=2119","name":"Deutsche - SinisNavigare Noleggio Gommoni in Sardegna, Oristano Sinis","isPartOf":{"@id":"https:\/\/www.sinisnavigare.com\/#website"},"primaryImageOfPage":{"@id":"https:\/\/www.sinisnavigare.com\/?page_id=2119#primaryimage"},"image":{"@id":"https:\/\/www.sinisnavigare.com\/?page_id=2119#primaryimage"},"thumbnailUrl":"https:\/\/www.sinisnavigare.com\/wp-content\/uploads\/2023\/04\/1497588835_155-1.jpg","datePublished":"2023-04-28T11:37:15+00:00","dateModified":"2025-06-20T02:06:50+00:00","description":"RIB-Vermietung in Torregrande Sardinien Oristano Boat Rental","breadcrumb":{"@id":"https:\/\/www.sinisnavigare.com\/?page_id=2119#breadcrumb"},"inLanguage":"it-IT","potentialAction":[{"@type":"ReadAction","target":["https:\/\/www.sinisnavigare.com\/?page_id=2119"]}]},{"@type":"ImageObject","inLanguage":"it-IT","@id":"https:\/\/www.sinisnavigare.com\/?page_id=2119#primaryimage","url":"https:\/\/www.sinisnavigare.com\/wp-content\/uploads\/2023\/04\/1497588835_155-1.jpg","contentUrl":"https:\/\/www.sinisnavigare.com\/wp-content\/uploads\/2023\/04\/1497588835_155-1.jpg","width":1024,"height":683},{"@type":"BreadcrumbList","@id":"https:\/\/www.sinisnavigare.com\/?page_id=2119#breadcrumb","itemListElement":[{"@type":"ListItem","position":1,"name":"Home","item":"https:\/\/www.sinisnavigare.com\/"},{"@type":"ListItem","position":2,"name":"Deutsche"}]},{"@type":"WebSite","@id":"https:\/\/www.sinisnavigare.com\/#website","url":"https:\/\/www.sinisnavigare.com\/","name":"SinisNavigare Noleggio Gommoni in Sardegna, Oristano Sinis","description":"Noleggia un gommone e vivi il mare di Sardegna tra acque cristalline, isole incontaminate e paesaggi mozzafiato. Anche senza patente nautica!","publisher":{"@id":"https:\/\/www.sinisnavigare.com\/#organization"},"potentialAction":[{"@type":"SearchAction","target":{"@type":"EntryPoint","urlTemplate":"https:\/\/www.sinisnavigare.com\/?s={search_term_string}"},"query-input":{"@type":"PropertyValueSpecification","valueRequired":true,"valueName":"search_term_string"}}],"inLanguage":"it-IT"},{"@type":"Organization","@id":"https:\/\/www.sinisnavigare.com\/#organization","name":"SinisNavigare Noleggio Gommoni in Sardegna, Oristano Sinis","url":"https:\/\/www.sinisnavigare.com\/","logo":{"@type":"ImageObject","inLanguage":"it-IT","@id":"https:\/\/www.sinisnavigare.com\/#\/schema\/logo\/image\/","url":"https:\/\/www.sinisnavigare.com\/wp-content\/uploads\/2023\/07\/cropped-SINIS_LOGO_COLOR_TRANSPARENT.png","contentUrl":"https:\/\/www.sinisnavigare.com\/wp-content\/uploads\/2023\/07\/cropped-SINIS_LOGO_COLOR_TRANSPARENT.png","width":1500,"height":1456,"caption":"SinisNavigare Noleggio Gommoni in Sardegna, Oristano Sinis"},"image":{"@id":"https:\/\/www.sinisnavigare.com\/#\/schema\/logo\/image\/"},"sameAs":["https:\/\/www.youtube.com\/@SinisNavigare"]}]}},"uagb_featured_image_src":{"full":false,"thumbnail":false,"medium":false,"medium_large":false,"large":false,"1536x1536":false,"2048x2048":false},"uagb_author_info":{"display_name":"sinis","author_link":"https:\/\/www.sinisnavigare.com\/?author=1"},"uagb_comment_info":0,"uagb_excerpt":"Sie die sch\u00f6nsten Str\u00e4nde. Zuhause Machen Sie einen Ausflug an die K\u00fcste von Oristano, in wenigen Minuten erreichen Sie die sch\u00f6nsten Str\u00e4nde.Die Bucht und Tharros verf\u00fcgen \u00fcber kostenlose Bojenfelder, Mari Ermi, San Giovanni di Sinis Maimoi,Is Arutas, die Oase der Seo, Turm der Piraten, einschlie\u00dflich der Insel Maldiventre noch incontaminata.Su nat\u00fcrliche Sch\u00f6nheit Anfrage Schlauchboot wird&hellip;","_links":{"self":[{"href":"https:\/\/www.sinisnavigare.com\/index.php?rest_route=\/wp\/v2\/pages\/2119","targetHints":{"allow":["GET"]}}],"collection":[{"href":"https:\/\/www.sinisnavigare.com\/index.php?rest_route=\/wp\/v2\/pages"}],"about":[{"href":"https:\/\/www.sinisnavigare.com\/index.php?rest_route=\/wp\/v2\/types\/page"}],"author":[{"embeddable":true,"href":"https:\/\/www.sinisnavigare.com\/index.php?rest_route=\/wp\/v2\/users\/1"}],"replies":[{"embeddable":true,"href":"https:\/\/www.sinisnavigare.com\/index.php?rest_route=%2Fwp%2Fv2%2Fcomments&post=2119"}],"version-history":[{"count":10,"href":"https:\/\/www.sinisnavigare.com\/index.php?rest_route=\/wp\/v2\/pages\/2119\/revisions"}],"predecessor-version":[{"id":2495,"href":"https:\/\/www.sinisnavigare.com\/index.php?rest_route=\/wp\/v2\/pages\/2119\/revisions\/2495"}],"wp:attachment":[{"href":"https:\/\/www.sinisnavigare.com\/index.php?rest_route=%2Fwp%2Fv2%2Fmedia&parent=2119"}],"curies":[{"name":"wp","href":"https:\/\/api.w.org\/{rel}","templated":true}]}}